{"id":18,"date":"2017-01-03T01:47:42","date_gmt":"2017-01-03T01:47:42","guid":{"rendered":"http:\/\/issim.net\/dansanatura\/?page_id=18"},"modified":"2018-02-17T12:11:59","modified_gmt":"2018-02-17T12:11:59","slug":"espai","status":"publish","type":"page","link":"http:\/\/anna.dansanatura.com\/en\/espai\/","title":{"rendered":"Espai"},"content":{"rendered":"<p><\/p>\n<h2>Espai Dansa Natura<\/h2>\n<!-- Rendered by FancyBox without labels BEGIN -->\n\n\t<style type=\"text\/css\">\n\t\t\t\t\t#gallery-1 {\n\t\t\t\t\t\tmargin: auto;\n\t\t\t\t\t}\n\t\t\t\t\t#gallery-1 .gallery-item {\n\t\t\t\t\t\tfloat: left;\n\t\t\t\t\t\tmargin-top: 10px;\n\t\t\t\t\t\ttext-align: center;\n\t\t\t\t\t\twidth: 32%;\n\t\t\t\t\t}\n\t\t\t\t\t#gallery-1 img {\n\t\t\t\t\t\tborder: 2px solid #cfcfcf;\n\t\t\t\t\t}\n\t\t\t\t\t#gallery-1 .gallery-caption {\n\t\t\t\t\t\tmargin-left: 0;\n\t\t\t\t\t}\n\t<\/style>\n<script type=\"text\/javascript\">\n$(document).ready(function() {\n\t\/*\n\t *  Simple image gallery. Uses default settings\n\t *\/\n\n\t$(\".fancybox\").fancybox({\n\t\t\"transitionIn\"\t\t: \"none\",\n\t\t\"transitionOut\"\t\t: \"none\",\n\t\t\"titlePosition\" \t: \"over\"\n\n\t});\n});\n<\/script>\n\n\t<div id=\"gallery-1\" class=\"gallery galleryid-1 gallery-size-thumbnail\" style=\"\"><dl class=\"gallery-item\"><dt class=\"gallery-icon\">\n\t\t<a class=\"fancybox\" href=\"http:\/\/anna.dansanatura.com\/wp-content\/uploads\/sites\/4\/2017\/01\/Vistes-desde-la-Sala-Espai-Dansa-Natura.jpg\" rel=\"gallery-1\"><img loading=\"lazy\" decoding=\"async\" width=\"150\" height=\"150\" class=\"attachment-thumbnail\" alt=\"\" src=\"http:\/\/anna.dansanatura.com\/wp-content\/uploads\/sites\/4\/2017\/01\/Vistes-desde-la-Sala-Espai-Dansa-Natura-150x150.jpg\" \/><\/a><\/dt><\/dl>\n\n<dl class=\"gallery-item\"><dt class=\"gallery-icon\">\n\t\t<a class=\"fancybox\" href=\"http:\/\/anna.dansanatura.com\/wp-content\/uploads\/sites\/4\/2017\/01\/salainterior-e1483461647266.jpg\" rel=\"gallery-1\"><img loading=\"lazy\" decoding=\"async\" width=\"150\" height=\"150\" class=\"attachment-thumbnail\" alt=\"\" src=\"http:\/\/anna.dansanatura.com\/wp-content\/uploads\/sites\/4\/2017\/01\/salainterior-e1483461647266-150x150.jpg\" \/><\/a><\/dt><\/dl>\n\n<dl class=\"gallery-item\"><dt class=\"gallery-icon\">\n\t\t<a class=\"fancybox\" href=\"http:\/\/anna.dansanatura.com\/wp-content\/uploads\/sites\/4\/2017\/01\/Activitats-a-la-Sala-Espai-Dansa-Natura.jpg\" rel=\"gallery-1\"><img loading=\"lazy\" decoding=\"async\" width=\"150\" height=\"150\" class=\"attachment-thumbnail\" alt=\"\" src=\"http:\/\/anna.dansanatura.com\/wp-content\/uploads\/sites\/4\/2017\/01\/Activitats-a-la-Sala-Espai-Dansa-Natura-150x150.jpg\" \/><\/a><\/dt><\/dl>\n\n<\/div><br clear=\"all\" \/><!-- Rendered by FancyBox without labels END -->\n\n<p><strong>UBICACI\u00d3<\/strong><\/p>\n<p>L\u2019EDN est\u00e0 situat al poble de Burg, al municipi de Farrera (Pallars Sobir\u00e0). Forma part de l\u2019edifici p\u00fablic de la Solana de la Coma de Burg, gestionat per l\u2019Associaci\u00f3 Cultural Gen\u00e7ana.<\/p>\n<p>El poble de Burg, situat a 1300m d\u2019al\u00e7ada, \u00e9s porta d\u2019entrada del Parc Natural de l\u2019Alt Pirineu. Situat a un entorn on la natura n\u2019\u00e9s la principal protagonista. Vestint de blanc el fred hivern, d\u2019espectaculars colors la tardor, de flors i vida la primavera i de calor i fruits vermells a l\u2019estiu. Un entorn on \u00e9s dif\u00edcil no escoltar el ritme de la natura i deixar a un calaix el brogit de la ciutat. Un lloc de rius, prats i bestiar; d\u2019ermites i saviesa, de muntanyes i cels immensos.<\/p>\n<p><strong>OBJECTIU<\/strong><\/p>\n<p>L\u2019objectiu principal de l\u2019espai \u00e9s promoure la dansa i les arts del moviment a Catalunya.<\/p>\n<p>Els eixos vertebradors s\u00f3n el moviment creatiu, la natura i la salut. Per aquest motiu el treball a l\u2019entorn natural \u00e9s una de les activitats principals a desenvolupar, promovent una l\u00ednia pr\u00f2pia d\u2019investigaci\u00f3 i creaci\u00f3 que beu de la dansa contempor\u00e0nia i de l\u2019Amerta Movement en particular. Amb la finalitat \u00faltima de promoure benestar, creixement i salut a les persones que s\u2019hi atansin.<\/p>\n<p>Per desenvolupar aquest objectiu oferim activitats orientades a la formaci\u00f3, la creaci\u00f3 i la exhibici\u00f3.<\/p>\n<p><strong><img loading=\"lazy\" decoding=\"async\" class=\"alignnone size-full wp-image-20\" src=\"http:\/\/issim.net\/dansanatura\/wp-content\/uploads\/2017\/01\/salainterior-e1483461647266.jpg\" alt=\"\" width=\"1000\" height=\"642\" srcset=\"http:\/\/anna.dansanatura.com\/wp-content\/uploads\/sites\/4\/2017\/01\/salainterior-e1483461647266.jpg 1000w, http:\/\/anna.dansanatura.com\/wp-content\/uploads\/sites\/4\/2017\/01\/salainterior-e1483461647266-300x193.jpg 300w, http:\/\/anna.dansanatura.com\/wp-content\/uploads\/sites\/4\/2017\/01\/salainterior-e1483461647266-768x493.jpg 768w, http:\/\/anna.dansanatura.com\/wp-content\/uploads\/sites\/4\/2017\/01\/salainterior-e1483461647266-508x326.jpg 508w\" sizes=\"auto, (max-width: 1000px) 100vw, 1000px\" \/><\/strong><\/p>\n<p><strong>Condicions t\u00e8cniques<\/strong><\/p>\n<p>Sala di\u00e0fana que ocupa tota la planta superior de l\u2019edifici de La Solana de la Coma de Burg. Disposa de:<\/p>\n<ul>\n<li>Una sala amb terra de fusta de 178m. quadrats (9,40x19m.)<\/li>\n<li>Calefacci\u00f3.<\/li>\n<li>Vestuaris i dutxes accessibles a tothom.<\/li>\n<li>\u00c0rea d\u2019escalfament i estiraments equipada.<\/li>\n<li>Instal\u00b7laci\u00f3 de llum i so per a producci\u00f3 professional.<\/li>\n<li>Llum natural, tranquil\u00b7litat i silenci.<\/li>\n<\/ul>\n<p><strong>\u00a0<img loading=\"lazy\" decoding=\"async\" class=\"alignnone size-full wp-image-19\" src=\"http:\/\/issim.net\/dansanatura\/wp-content\/uploads\/2017\/01\/Vistes-desde-la-Sala-Espai-Dansa-Natura.jpg\" alt=\"\" width=\"1000\" height=\"750\" srcset=\"http:\/\/anna.dansanatura.com\/wp-content\/uploads\/sites\/4\/2017\/01\/Vistes-desde-la-Sala-Espai-Dansa-Natura.jpg 1000w, http:\/\/anna.dansanatura.com\/wp-content\/uploads\/sites\/4\/2017\/01\/Vistes-desde-la-Sala-Espai-Dansa-Natura-300x225.jpg 300w, http:\/\/anna.dansanatura.com\/wp-content\/uploads\/sites\/4\/2017\/01\/Vistes-desde-la-Sala-Espai-Dansa-Natura-768x576.jpg 768w, http:\/\/anna.dansanatura.com\/wp-content\/uploads\/sites\/4\/2017\/01\/Vistes-desde-la-Sala-Espai-Dansa-Natura-508x381.jpg 508w\" sizes=\"auto, (max-width: 1000px) 100vw, 1000px\" \/><\/strong><\/p>\n<p><strong>Entorn natural\u00a0\u00a0\u00a0\u00a0<\/strong><\/p>\n<p>La Coma de Burg ofereix als artistes i visitants les \u00a0condicions excepcionals per endinsar-se en l\u2019experi\u00e8ncia de la dansa a la natura. En un entorn d\u2019alta muntanya, la proximitat d\u2019espais agraris en des\u00fas, zones forestals i paisatges de mitja i alta muntanya conviden a la recerca d\u2019espais de creaci\u00f3 a l\u2019aire lliure.<\/p>\n<p>L\u2019entorn natural i la tranquil\u00b7litat que envolta l\u2019Espai afavoreix el recolliment dels artistes, la seva concentraci\u00f3 i inspiraci\u00f3. Les nostres resid\u00e8ncies i tallers inclouen el menjar al restaurant de La Solana i l\u2019allotjament al mateix poble de Burg.<\/p>\n<p>L\u2019EDN ofereix la seva sala \u00a0per a artistes que busquin un espai idoni per a la creaci\u00f3. A banda d\u2019artistes provinents de les arts del moviment, l\u2019EDN \u00e9s un espai amb una molt bona sonoritat i condicions per a m\u00fasics, oferint tamb\u00e9 la possiblitat de gravaci\u00f3.<\/p>\n<p>El per\u00edode de resid\u00e8ncia \u00e9s d\u2019abril a octubre. Les sol\u00b7licituds es poden demanar durant tot l\u2019any.<\/p>\n<p>Cal que envieu la seg\u00fcent documentaci\u00f3 a info@dansanatura.com<\/p>\n<p><strong>DOCUMENTACI\u00d3\u00a0<\/strong><\/p>\n<ol>\n<li>Curr\u00edculum de l\u2019artista o companyia<\/li>\n<li>Descripci\u00f3 del projecte o pe\u00e7a a treballar (nom, fitxa art\u00edstica, sinopsis\u2026)<\/li>\n<li>Estat actual del projecte<\/li>\n<li>Resid\u00e8ncia:<\/li>\n<\/ol>\n<p>4.1. Motivaci\u00f3 per venir a l\u2019EDN<\/p>\n<p>4.2. Necessitats t\u00e8cniques i pr\u00e0ctiques durant la resid\u00e8ncia<\/p>\n<p>4.3. N\u00ba de persones que formaran part de la resid\u00e8ncia<\/p>\n<p>4.4. Data sol\u00b7licitada<\/p>\n<p><strong>\u00a0<\/strong><\/p>\n<p><strong>CONDICIONS<\/strong><\/p>\n<div>\u2013 40\u20ac\/dia (de 6 a 8 hores d\u2019assaig) en concepte de cesi\u00f3 de la sala i gesti\u00f3. Aquesta xifra pot variar lleugerament en funci\u00f3 del n\u00famero de residents i durada de la resid\u00e8ncia.<\/div>\n<div><\/div>\n<div>\u2013 Cal realitzar un dip\u00f2sit per a estades a partir d\u2019una setmana de 100\u20ac previ a la resid\u00e8ncia al Compte bancari de l\u2019Associaci\u00f3.<\/div>\n<div>El pla\u00e7 per abonar el total de l\u2019import \u00e9s el darrer dia de resid\u00e8ncia.<\/div>\n<div>Part de l\u2019import pot cubrir-se amb un espectacle (entrada de 2 a 7\u20ac) o amb un taller que pot tenir lloc als per\u00eddoes de Setmana Santa, St. Joan, Juliol o Agost.<\/div>\n<p>\u2013 La resid\u00e8ncia implica una mostra del treball realitzat, que no necess\u00e0riament ha de ser acabada.<\/p>\n<p>\u2013 L\u2019EDN facilita la gesti\u00f3 de l\u2019allotjament i la manutenci\u00f3 dels artistes al mateix poble de Burg o Farrera.<\/p>\n<p>Preu allotjament: de 5 a 20\u20ac la nit<\/p>\n<p>Preu \u00e0pats: de 20 a 30\u20ac al dia (esmorzar, dinar i sopar). Possibilitat de cuinar-se un mateix.<\/p>\n<p>Tot professional de les arts i la salut que aix\u00ed ho desitgi pot fer \u00fas de la sala per oferir els seus serveis.<\/p>\n<p><strong>Preu<\/strong>: El preu hora \u00e9s de entre 8 i 12\u20ac\/h en funci\u00f3 del nombre total d\u2019hores i el tamany del grup. Preus especials per a ve\u00efns del municipi i associacions no lucratives.<\/p>\n<p>Si l\u2019activitat \u00e9s dins la l\u00ednia de treball de l\u2019EDN es pot arribar a un acord en la difussi\u00f3 de l\u2019activitat i en la possiblitat d\u2019incloure-la dins del programa d\u2019activitats.<\/p>\n<p class=\"\" align=\"\"><strong>Disponibilitat:<\/strong> La sala est\u00e0 disponible de maig a octubre.<\/p>\n<p><strong>Forma de Pagament:<\/strong> Caldr\u00e0 deixar una paga i senyal\u00a0d\u2019un 15%\u00a0del per\u00edode que es vol llogar\u00a0en concepte de reserva.<\/p>\n<p><strong>Normes generals:<\/strong><\/p>\n<p>Cal tenir cura de l\u2019espai i els seus materials i deixar la sala en les mateixes condicions que s\u2019ha trobat.<\/p>\n<p>No es pot menjar a la sala i cal deixar les sabates a l\u2019entrada.<\/p>\n<p>No es poden utilitzar materials que puguin malmetre la fusta del terra.<\/p>\n<p>S\u2019agraeix un \u00fas energ\u00e8tic responsable.<\/p>\n<p>&nbsp;<\/p>","protected":false},"excerpt":{"rendered":"<p>Espai Dansa Natura UBICACI\u00d3 L\u2019EDN est\u00e0 situat al poble de Burg, al municipi de Farrera (Pallars Sobir\u00e0). Forma part de l\u2019edifici p\u00fablic de la Solana de la Coma de Burg, gestionat per l\u2019Associaci\u00f3 Cultural Gen\u00e7ana. El poble de Burg, situat a 1300m d\u2019al\u00e7ada, \u00e9s porta d\u2019entrada del Parc Natural de l\u2019Alt Pirineu. Situat a un [&hellip;]<\/p>\n","protected":false},"author":1,"featured_media":29,"parent":0,"menu_order":0,"comment_status":"closed","ping_status":"closed","template":"","meta":{"footnotes":""},"class_list":["post-18","page","type-page","status-publish","has-post-thumbnail","hentry"],"_links":{"self":[{"href":"http:\/\/anna.dansanatura.com\/en\/wp-json\/wp\/v2\/pages\/18","targetHints":{"allow":["GET"]}}],"collection":[{"href":"http:\/\/anna.dansanatura.com\/en\/wp-json\/wp\/v2\/pages"}],"about":[{"href":"http:\/\/anna.dansanatura.com\/en\/wp-json\/wp\/v2\/types\/page"}],"author":[{"embeddable":true,"href":"http:\/\/anna.dansanatura.com\/en\/wp-json\/wp\/v2\/users\/1"}],"replies":[{"embeddable":true,"href":"http:\/\/anna.dansanatura.com\/en\/wp-json\/wp\/v2\/comments?post=18"}],"version-history":[{"count":4,"href":"http:\/\/anna.dansanatura.com\/en\/wp-json\/wp\/v2\/pages\/18\/revisions"}],"predecessor-version":[{"id":1897,"href":"http:\/\/anna.dansanatura.com\/en\/wp-json\/wp\/v2\/pages\/18\/revisions\/1897"}],"wp:featuredmedia":[{"embeddable":true,"href":"http:\/\/anna.dansanatura.com\/en\/wp-json\/wp\/v2\/media\/29"}],"wp:attachment":[{"href":"http:\/\/anna.dansanatura.com\/en\/wp-json\/wp\/v2\/media?parent=18"}],"curies":[{"name":"wp","href":"https:\/\/api.w.org\/{rel}","templated":true}]}}